{"id":4488,"date":"2016-07-31T01:56:21","date_gmt":"2016-07-31T01:56:21","guid":{"rendered":"http:\/\/apricothotels.com\/vi\/dining"},"modified":"2023-08-18T16:52:01","modified_gmt":"2023-08-18T09:52:01","slug":"dining","status":"publish","type":"page","link":"https:\/\/apricothotels.com\/vi\/dining","title":{"rendered":"Nh\u00e0 h\u00e0ng v\u00e0 Bar"},"content":{"rendered":"","protected":false},"excerpt":{"rendered":"","protected":false},"author":1,"featured_media":0,"parent":0,"menu_order":0,"comment_status":"closed","ping_status":"closed","template":"","meta":[],"_links":{"self":[{"href":"https:\/\/apricothotels.com\/vi\/wp-json\/wp\/v2\/pages\/4488"}],"collection":[{"href":"https:\/\/apricothotels.com\/vi\/wp-json\/wp\/v2\/pages"}],"about":[{"href":"https:\/\/apricothotels.com\/vi\/wp-json\/wp\/v2\/types\/page"}],"author":[{"embeddable":true,"href":"https:\/\/apricothotels.com\/vi\/wp-json\/wp\/v2\/users\/1"}],"replies":[{"embeddable":true,"href":"https:\/\/apricothotels.com\/vi\/wp-json\/wp\/v2\/comments?post=4488"}],"version-history":[{"count":4,"href":"https:\/\/apricothotels.com\/vi\/wp-json\/wp\/v2\/pages\/4488\/revisions"}],"predecessor-version":[{"id":5308,"href":"https:\/\/apricothotels.com\/vi\/wp-json\/wp\/v2\/pages\/4488\/revisions\/5308"}],"wp:attachment":[{"href":"https:\/\/apricothotels.com\/vi\/wp-json\/wp\/v2\/media?parent=4488"}],"curies":[{"name":"wp","href":"https:\/\/api.w.org\/{rel}","templated":true}]}}