{"id":4498,"date":"2016-07-31T02:41:23","date_gmt":"2016-07-31T02:41:23","guid":{"rendered":"http:\/\/apricothotels.com\/vi\/offers"},"modified":"2023-09-22T09:53:10","modified_gmt":"2023-09-22T02:53:10","slug":"offers","status":"publish","type":"page","link":"https:\/\/apricothotels.com\/vi\/offers","title":{"rendered":"\u01afu \u0111\u00e3i \u0111\u1eb7c bi\u1ec7t"},"content":{"rendered":"","protected":false},"excerpt":{"rendered":"","protected":false},"author":1,"featured_media":0,"parent":0,"menu_order":0,"comment_status":"closed","ping_status":"closed","template":"","meta":[],"_links":{"self":[{"href":"https:\/\/apricothotels.com\/vi\/wp-json\/wp\/v2\/pages\/4498"}],"collection":[{"href":"https:\/\/apricothotels.com\/vi\/wp-json\/wp\/v2\/pages"}],"about":[{"href":"https:\/\/apricothotels.com\/vi\/wp-json\/wp\/v2\/types\/page"}],"author":[{"embeddable":true,"href":"https:\/\/apricothotels.com\/vi\/wp-json\/wp\/v2\/users\/1"}],"replies":[{"embeddable":true,"href":"https:\/\/apricothotels.com\/vi\/wp-json\/wp\/v2\/comments?post=4498"}],"version-history":[{"count":9,"href":"https:\/\/apricothotels.com\/vi\/wp-json\/wp\/v2\/pages\/4498\/revisions"}],"predecessor-version":[{"id":5347,"href":"https:\/\/apricothotels.com\/vi\/wp-json\/wp\/v2\/pages\/4498\/revisions\/5347"}],"wp:attachment":[{"href":"https:\/\/apricothotels.com\/vi\/wp-json\/wp\/v2\/media?parent=4498"}],"curies":[{"name":"wp","href":"https:\/\/api.w.org\/{rel}","templated":true}]}}