{"id":4745,"date":"2017-02-11T01:43:36","date_gmt":"2017-02-11T01:43:36","guid":{"rendered":"http:\/\/apricothotels.com\/vi\/?page_id=4745"},"modified":"2017-02-13T09:44:09","modified_gmt":"2017-02-13T09:44:09","slug":"quyen-rieng-tu","status":"publish","type":"page","link":"https:\/\/apricothotels.com\/vi\/quyen-rieng-tu","title":{"rendered":"Ch\u00ednh s\u00e1ch b\u1ea3o m\u1eadt"},"content":{"rendered":"<p>Ch\u00ednh s\u00e1ch b\u1ea3o m\u1eadt d\u01b0\u1edbi \u0111\u00e2y s\u1ebd gi\u1ea3i th\u00edch c\u00e1ch ch\u00fang t\u00f4i s\u1eed d\u1ee5ng c\u00e1c th\u00f4ng tin v\u1ec1 ng\u01b0\u1eddi d\u00f9ng thu th\u1eadp \u0111\u01b0\u1ee3c tr\u00ean website n\u00e0y (cookies). Ch\u00ednh s\u00e1ch n\u00e0y c\u00f3 th\u1ec3 \u0111\u01b0\u1ee3c thay \u0111\u1ed5i \u0111\u1ec3 ph\u00f9 h\u1ee3p v\u1edbi th\u1ef1c t\u1ebf, t\u1ea5t c\u1ea3 c\u00e1c thay \u0111\u1ed5i v\u1ec1 ch\u00ednh s\u00e1ch b\u1ea3o m\u1eadt s\u1ebd \u0111\u01b0\u1ee3c c\u1eadp nh\u1eadt tr\u00ean website c\u1ee7a Kh\u00e1ch s\u1ea1n Apricot.<\/p>\n<p>Khi truy c\u1eadp v\u00e0o website n\u00e0y, b\u1ea1n \u0111\u00e3 \u0111\u1ed3ng \u00fd v\u1edbi nh\u1eefng \u0111i\u1ec1u kho\u1ea3n v\u1ec1 vi\u1ec7c s\u1eed d\u1ee5ng cookies t\u1eeb m\u00e1y t\u00ednh c\u00e1 nh\u00e2n c\u1ee7a m\u00ecnh.<\/p>\n<p><strong>Th\u00f4ng tin c\u00e1 nh\u00e2n kh\u00e1ch h\u00e0ng cung c\u1ea5p<\/strong><\/p>\n<p>Kh\u00e1ch s\u1ea1n Apricot cam k\u1ebft b\u1ea3o m\u1eadt c\u00e1c th\u00f4ng tin kh\u00e1ch h\u00e0ng cung c\u1ea5p th\u00f4ng qua website c\u1ee7a ch\u00fang t\u00f4i. Ch\u00fang t\u00f4i thu th\u1eadp v\u00e0 l\u01b0u tr\u1eef t\u00ean, \u0111\u1ecba ch\u1ec9, s\u1ed1 \u0111i\u1ec7n tho\u1ea1i, \u0111\u1ecba ch\u1ec9 email do kh\u00e1ch h\u00e0ng ch\u1ee7 \u0111\u1ed9ng cung c\u1ea5p khi \u0111\u1eb7t d\u1ecbch v\u1ee5 ho\u1eb7c li\u00ean h\u1ec7 v\u1edbi ch\u00fang t\u00f4i. C\u00e1c th\u00f4ng tin n\u00e0y ch\u1ec9 nh\u1eb1m m\u1ee5c \u0111\u00edch h\u1ed7 tr\u1ee3 ch\u00fang t\u00f4i ph\u1ee5c v\u1ee5 kh\u00e1ch h\u00e0ng t\u1ed1t h\u01a1n. Ch\u00fang t\u00f4i tuy\u1ec7t \u0111\u1ed1i kh\u00f4ng cung c\u1ea5p ho\u1eb7c ti\u1ebft l\u1ed9 th\u00f4ng tin c\u00e1 nh\u00e2n c\u1ee7a kh\u00e1ch h\u00e0ng cho b\u00ean th\u1ee9 3.<\/p>\n<p><strong>Cookies l\u00e0 g\u00ec?<\/strong><\/p>\n<p>Cookie l\u00e0 m\u1ed9t \u0111o\u1ea1n v\u0103n b\u1ea3n ghi th\u00f4ng tin \u0111\u01b0\u1ee3c t\u1ea1o ra v\u00e0 l\u01b0u tr\u00ean tr\u00ecnh duy\u1ec7t c\u1ee7a m\u00e1y ng\u01b0\u1eddi d\u00f9ng. Cookie th\u01b0\u1eddng \u0111\u01b0\u1ee3c t\u1ea1o ra khi ng\u01b0\u1eddi d\u00f9ng truy c\u1eadp m\u1ed9t website. Th\u00f4ng tin n\u00e0y c\u00f3 th\u1ec3 bao g\u1ed3m c\u00e1c trang b\u1ea1n truy c\u1eadp, c\u00e1c l\u1ef1a ch\u1ecdn b\u1ea1n th\u1ef1c hi\u1ec7n tr\u00ean m\u1ed9t trang web, m\u1ed9t s\u1ed1 th\u00f4ng tin b\u1ea1n \u0111i\u1ec1n v\u00e0o c\u00e1c b\u1ea3ng bi\u1ec3u v\u00e0 th\u1eddi gian truy c\u1eadp.<\/p>\n<p><strong>Ch\u00fang t\u00f4i s\u1eed d\u1ee5ng cookies nh\u01b0 th\u1ebf n\u00e0o?<\/strong><\/p>\n<p>Ch\u00fang t\u00f4i hi\u1ec7n t\u1ea1i \u0111ang s\u1eed d\u1ee5ng, v\u00e0 trong t\u01b0\u01a1ng lai c\u00f3 th\u1ec3 s\u1eed d\u1ee5ng cookies tr\u00ean website n\u00e0y. Cookies cho ph\u00e9p ch\u00fang t\u00f4i mang l\u1ea1i cho kh\u00e1ch h\u00e0ng c\u00e1c tr\u1ea3i nghi\u1ec7m th\u00edch h\u1ee3p nh\u1ea5t v\u1edbi t\u1eebng ng\u01b0\u1eddi. \u0110\u00e2y l\u00e0 ph\u01b0\u01a1ng ph\u00e1p \u0111\u01b0\u1ee3c s\u1eed d\u1ee5ng th\u01b0\u1eddng xuy\u00ean tr\u00ean c\u00e1c website th\u01b0\u01a1ng m\u1ea1i hi\u1ec7n h\u00e0nh.<\/p>\n<p>Khi truy c\u1eadp v\u00e0o website n\u00e0y, b\u1ea1n \u0111\u00e3 \u0111\u1ed3ng \u00fd v\u1edbi c\u00e1c \u0111i\u1ec1u kho\u1ea3n v\u1ec1 vi\u1ec7c s\u1eed d\u1ee5ng cookies tr\u00ean thi\u1ebft b\u1ecb c\u1ee7a m\u00ecnh. C\u00e1c cookies n\u00e0y l\u01b0u gi\u1eef th\u00f4ng tin v\u1ec1 t\u00ean mi\u1ec1n s\u1eed d\u1ee5ng \u0111\u1ec3 t\u1ed5ng h\u1ee3p c\u00e1c d\u1eef li\u1ec7u v\u1ec1 website, gi\u00fap ch\u00fang t\u00f4i hi\u1ec3u \u0111\u01b0\u1ee3c h\u00e0nh vi tr\u1ef1c tuy\u1ebfn c\u1ee7a ng\u01b0\u1eddi d\u00f9ng (t\u1ea7n su\u1ea5t gh\u00e9 th\u0103m website, c\u00e1c ho\u1ea1t \u0111\u1ed9ng c\u1ee7a kh\u00e1ch h\u00e0ng tr\u00ean website). C\u00e1c th\u00f4ng tin n\u00e0y \u0111\u01b0\u1ee3c ch\u00fang t\u00f4i s\u1eed d\u1ee5ng \u0111\u1ec3 c\u1ea3i thi\u1ec7n n\u1ed9i dung v\u00e0 \u0111\u1ecbnh h\u01b0\u1edbng website, mang \u0111\u1ebfn nh\u1eefng tr\u1ea3i nghi\u1ec7m mang t\u00ednh c\u00e1 nh\u00e2n h\u01a1n t\u1edbi m\u1ed7i kh\u00e1ch h\u00e0ng.<\/p>\n","protected":false},"excerpt":{"rendered":"<p>Ch\u00ednh s\u00e1ch b\u1ea3o m\u1eadt d\u01b0\u1edbi \u0111\u00e2y s\u1ebd gi\u1ea3i th\u00edch c\u00e1ch ch\u00fang t\u00f4i s\u1eed d\u1ee5ng c\u00e1c th\u00f4ng tin v\u1ec1 ng\u01b0\u1eddi d\u00f9ng thu th\u1eadp \u0111\u01b0\u1ee3c tr\u00ean website n\u00e0y (cookies). Ch\u00ednh s\u00e1ch n\u00e0y c\u00f3 th\u1ec3 \u0111\u01b0\u1ee3c thay \u0111\u1ed5i \u0111\u1ec3 ph\u00f9 h\u1ee3p v\u1edbi th\u1ef1c t\u1ebf, t\u1ea5t c\u1ea3 c\u00e1c thay \u0111\u1ed5i v\u1ec1 ch\u00ednh s\u00e1ch b\u1ea3o m\u1eadt s\u1ebd \u0111\u01b0\u1ee3c c\u1eadp nh\u1eadt&#8230; <\/p>\n<div class=\"clear\"><\/div>\n<p><a href=\"https:\/\/apricothotels.com\/vi\/quyen-rieng-tu\" class=\"excerpt-read-more\">Xem chi ti\u1ebft<i class=\"fa fa-long-arrow-right icon-long-arrow-right\"><\/i><\/a><\/p>\n","protected":false},"author":1,"featured_media":0,"parent":0,"menu_order":0,"comment_status":"closed","ping_status":"closed","template":"","meta":[],"_links":{"self":[{"href":"https:\/\/apricothotels.com\/vi\/wp-json\/wp\/v2\/pages\/4745"}],"collection":[{"href":"https:\/\/apricothotels.com\/vi\/wp-json\/wp\/v2\/pages"}],"about":[{"href":"https:\/\/apricothotels.com\/vi\/wp-json\/wp\/v2\/types\/page"}],"author":[{"embeddable":true,"href":"https:\/\/apricothotels.com\/vi\/wp-json\/wp\/v2\/users\/1"}],"replies":[{"embeddable":true,"href":"https:\/\/apricothotels.com\/vi\/wp-json\/wp\/v2\/comments?post=4745"}],"version-history":[{"count":3,"href":"https:\/\/apricothotels.com\/vi\/wp-json\/wp\/v2\/pages\/4745\/revisions"}],"predecessor-version":[{"id":4749,"href":"https:\/\/apricothotels.com\/vi\/wp-json\/wp\/v2\/pages\/4745\/revisions\/4749"}],"wp:attachment":[{"href":"https:\/\/apricothotels.com\/vi\/wp-json\/wp\/v2\/media?parent=4745"}],"curies":[{"name":"wp","href":"https:\/\/api.w.org\/{rel}","templated":true}]}}